{"id":246,"date":"2024-04-09T20:48:40","date_gmt":"2024-04-10T01:48:40","guid":{"rendered":"https:\/\/laferiadediseno.com\/?page_id=246"},"modified":"2026-02-25T15:56:15","modified_gmt":"2026-02-25T20:56:15","slug":"haz-parte","status":"publish","type":"page","link":"https:\/\/laferiadediseno.com\/en\/haz-parte\/","title":{"rendered":"Haz parte"},"content":{"rendered":"","protected":false},"excerpt":{"rendered":"","protected":false},"author":1,"featured_media":0,"parent":0,"menu_order":0,"comment_status":"closed","ping_status":"closed","template":"template-hazparte.php","meta":{"_acf_changed":false,"footnotes":""},"class_list":["post-246","page","type-page","status-publish","hentry"],"acf":[],"yoast_head":"<!-- This site is optimized with the Yoast SEO plugin v27.3 - https:\/\/yoast.com\/product\/yoast-seo-wordpress\/ -->\n<title>Haz parte - La Feria De Dise\u00f1o powered by idd cologne<\/title>\n<meta name=\"description\" content=\"Bienvenidos a la 12.\u00aa edici\u00f3n de La Feria De Dise\u00f1o powered by imm cologne, un ecosistema que conecta las diferentes oportunidades de la industria con las personas dentro de una plataforma comercial e inspiradora donde #TODOSEDISE\u00d1A.\" \/>\n<meta name=\"robots\" content=\"index, follow, max-snippet:-1, max-image-preview:large, max-video-preview:-1\" \/>\n<link rel=\"canonical\" href=\"https:\/\/laferiadediseno.com\/en\/haz-parte\/\" \/>\n<meta property=\"og:locale\" content=\"en_US\" \/>\n<meta property=\"og:type\" content=\"article\" \/>\n<meta property=\"og:title\" content=\"Haz parte - La Feria De Dise\u00f1o powered by idd cologne\" \/>\n<meta property=\"og:description\" content=\"Bienvenidos a la 12.\u00aa edici\u00f3n de La Feria De Dise\u00f1o powered by imm cologne, un ecosistema que conecta las diferentes oportunidades de la industria con las personas dentro de una plataforma comercial e inspiradora donde #TODOSEDISE\u00d1A.\" \/>\n<meta property=\"og:url\" content=\"https:\/\/laferiadediseno.com\/en\/haz-parte\/\" \/>\n<meta property=\"og:site_name\" content=\"La Feria De Dise\u00f1o powered by idd cologne\" \/>\n<meta property=\"article:publisher\" content=\"https:\/\/www.facebook.com\/laferiadedisenomed\" \/>\n<meta property=\"article:modified_time\" content=\"2026-02-25T20:56:15+00:00\" \/>\n<meta property=\"og:image\" content=\"https:\/\/laferiadediseno.com\/wp-content\/uploads\/2024\/12\/Untitled-10-01-Artboard-1.png\" \/>\n\t<meta property=\"og:image:width\" content=\"512\" \/>\n\t<meta property=\"og:image:height\" content=\"512\" \/>\n\t<meta property=\"og:image:type\" content=\"image\/png\" \/>\n<meta name=\"twitter:card\" content=\"summary_large_image\" \/>\n<script type=\"application\/ld+json\" class=\"yoast-schema-graph\">{\"@context\":\"https:\\\/\\\/schema.org\",\"@graph\":[{\"@type\":\"WebPage\",\"@id\":\"https:\\\/\\\/laferiadediseno.com\\\/haz-parte\\\/\",\"url\":\"https:\\\/\\\/laferiadediseno.com\\\/haz-parte\\\/\",\"name\":\"Haz parte - La Feria De Dise\u00f1o powered by idd cologne\",\"isPartOf\":{\"@id\":\"https:\\\/\\\/laferiadediseno.com\\\/#website\"},\"datePublished\":\"2024-04-10T01:48:40+00:00\",\"dateModified\":\"2026-02-25T20:56:15+00:00\",\"description\":\"Bienvenidos a la 12.\u00aa edici\u00f3n de La Feria De Dise\u00f1o powered by imm cologne, un ecosistema que conecta las diferentes oportunidades de la industria con las personas dentro de una plataforma comercial e inspiradora donde #TODOSEDISE\u00d1A.\",\"breadcrumb\":{\"@id\":\"https:\\\/\\\/laferiadediseno.com\\\/haz-parte\\\/#breadcrumb\"},\"inLanguage\":\"en-US\",\"potentialAction\":[{\"@type\":\"ReadAction\",\"target\":[\"https:\\\/\\\/laferiadediseno.com\\\/haz-parte\\\/\"]}]},{\"@type\":\"BreadcrumbList\",\"@id\":\"https:\\\/\\\/laferiadediseno.com\\\/haz-parte\\\/#breadcrumb\",\"itemListElement\":[{\"@type\":\"ListItem\",\"position\":1,\"name\":\"Inicio\",\"item\":\"https:\\\/\\\/laferiadediseno.com\\\/\"},{\"@type\":\"ListItem\",\"position\":2,\"name\":\"Haz parte\"}]},{\"@type\":\"WebSite\",\"@id\":\"https:\\\/\\\/laferiadediseno.com\\\/#website\",\"url\":\"https:\\\/\\\/laferiadediseno.com\\\/\",\"name\":\"La Feria De Dise\u00f1o powered by idd cologne\",\"description\":\"Bienvenidos a la edici\u00f3n #12 de La Feria De Dise\u00f1o, un ecosistema que conecta las diferentes oportunidades de la industria con las personas dentro de una plataforma comercial e inspiradora donde #TODOSEDISE\u00d1A.\",\"publisher\":{\"@id\":\"https:\\\/\\\/laferiadediseno.com\\\/#organization\"},\"alternateName\":\"https:\\\/\\\/laferiadediseno.com\\\/\",\"potentialAction\":[{\"@type\":\"SearchAction\",\"target\":{\"@type\":\"EntryPoint\",\"urlTemplate\":\"https:\\\/\\\/laferiadediseno.com\\\/?s={search_term_string}\"},\"query-input\":{\"@type\":\"PropertyValueSpecification\",\"valueRequired\":true,\"valueName\":\"search_term_string\"}}],\"inLanguage\":\"en-US\"},{\"@type\":\"Organization\",\"@id\":\"https:\\\/\\\/laferiadediseno.com\\\/#organization\",\"name\":\"La Feria De Dise\u00f1o powered by idd cologne\",\"alternateName\":\"https:\\\/\\\/laferiadediseno.com\\\/\",\"url\":\"https:\\\/\\\/laferiadediseno.com\\\/\",\"logo\":{\"@type\":\"ImageObject\",\"inLanguage\":\"en-US\",\"@id\":\"https:\\\/\\\/laferiadediseno.com\\\/#\\\/schema\\\/logo\\\/image\\\/\",\"url\":\"https:\\\/\\\/laferiadediseno.com\\\/wp-content\\\/uploads\\\/2025\\\/03\\\/Logo.png\",\"contentUrl\":\"https:\\\/\\\/laferiadediseno.com\\\/wp-content\\\/uploads\\\/2025\\\/03\\\/Logo.png\",\"width\":124,\"height\":40,\"caption\":\"La Feria De Dise\u00f1o powered by idd cologne\"},\"image\":{\"@id\":\"https:\\\/\\\/laferiadediseno.com\\\/#\\\/schema\\\/logo\\\/image\\\/\"},\"sameAs\":[\"https:\\\/\\\/www.facebook.com\\\/laferiadedisenomed\",\"https:\\\/\\\/www.instagram.com\\\/laferiadediseno\\\/\",\"https:\\\/\\\/www.linkedin.com\\\/company\\\/laferiadedisenocolombia\\\/\",\"https:\\\/\\\/www.youtube.com\\\/@laferiadediseno5158\"]}]}<\/script>\n<!-- \/ Yoast SEO plugin. -->","yoast_head_json":{"title":"Haz parte - La Feria De Dise\u00f1o powered by idd cologne","description":"Bienvenidos a la 12.\u00aa edici\u00f3n de La Feria De Dise\u00f1o powered by imm cologne, un ecosistema que conecta las diferentes oportunidades de la industria con las personas dentro de una plataforma comercial e inspiradora donde #TODOSEDISE\u00d1A.","robots":{"index":"index","follow":"follow","max-snippet":"max-snippet:-1","max-image-preview":"max-image-preview:large","max-video-preview":"max-video-preview:-1"},"canonical":"https:\/\/laferiadediseno.com\/en\/haz-parte\/","og_locale":"en_US","og_type":"article","og_title":"Haz parte - La Feria De Dise\u00f1o powered by idd cologne","og_description":"Bienvenidos a la 12.\u00aa edici\u00f3n de La Feria De Dise\u00f1o powered by imm cologne, un ecosistema que conecta las diferentes oportunidades de la industria con las personas dentro de una plataforma comercial e inspiradora donde #TODOSEDISE\u00d1A.","og_url":"https:\/\/laferiadediseno.com\/en\/haz-parte\/","og_site_name":"La Feria De Dise\u00f1o powered by idd cologne","article_publisher":"https:\/\/www.facebook.com\/laferiadedisenomed","article_modified_time":"2026-02-25T20:56:15+00:00","og_image":[{"width":512,"height":512,"url":"https:\/\/laferiadediseno.com\/wp-content\/uploads\/2024\/12\/Untitled-10-01-Artboard-1.png","type":"image\/png"}],"twitter_card":"summary_large_image","schema":{"@context":"https:\/\/schema.org","@graph":[{"@type":"WebPage","@id":"https:\/\/laferiadediseno.com\/haz-parte\/","url":"https:\/\/laferiadediseno.com\/haz-parte\/","name":"Haz parte - La Feria De Dise\u00f1o powered by idd cologne","isPartOf":{"@id":"https:\/\/laferiadediseno.com\/#website"},"datePublished":"2024-04-10T01:48:40+00:00","dateModified":"2026-02-25T20:56:15+00:00","description":"Bienvenidos a la 12.\u00aa edici\u00f3n de La Feria De Dise\u00f1o powered by imm cologne, un ecosistema que conecta las diferentes oportunidades de la industria con las personas dentro de una plataforma comercial e inspiradora donde #TODOSEDISE\u00d1A.","breadcrumb":{"@id":"https:\/\/laferiadediseno.com\/haz-parte\/#breadcrumb"},"inLanguage":"en-US","potentialAction":[{"@type":"ReadAction","target":["https:\/\/laferiadediseno.com\/haz-parte\/"]}]},{"@type":"BreadcrumbList","@id":"https:\/\/laferiadediseno.com\/haz-parte\/#breadcrumb","itemListElement":[{"@type":"ListItem","position":1,"name":"Inicio","item":"https:\/\/laferiadediseno.com\/"},{"@type":"ListItem","position":2,"name":"Haz parte"}]},{"@type":"WebSite","@id":"https:\/\/laferiadediseno.com\/#website","url":"https:\/\/laferiadediseno.com\/","name":"La Feria De Dise\u00f1o powered by idd cologne","description":"Bienvenidos a la edici\u00f3n #12 de La Feria De Dise\u00f1o, un ecosistema que conecta las diferentes oportunidades de la industria con las personas dentro de una plataforma comercial e inspiradora donde #TODOSEDISE\u00d1A.","publisher":{"@id":"https:\/\/laferiadediseno.com\/#organization"},"alternateName":"https:\/\/laferiadediseno.com\/","potentialAction":[{"@type":"SearchAction","target":{"@type":"EntryPoint","urlTemplate":"https:\/\/laferiadediseno.com\/?s={search_term_string}"},"query-input":{"@type":"PropertyValueSpecification","valueRequired":true,"valueName":"search_term_string"}}],"inLanguage":"en-US"},{"@type":"Organization","@id":"https:\/\/laferiadediseno.com\/#organization","name":"La Feria De Dise\u00f1o powered by idd cologne","alternateName":"https:\/\/laferiadediseno.com\/","url":"https:\/\/laferiadediseno.com\/","logo":{"@type":"ImageObject","inLanguage":"en-US","@id":"https:\/\/laferiadediseno.com\/#\/schema\/logo\/image\/","url":"https:\/\/laferiadediseno.com\/wp-content\/uploads\/2025\/03\/Logo.png","contentUrl":"https:\/\/laferiadediseno.com\/wp-content\/uploads\/2025\/03\/Logo.png","width":124,"height":40,"caption":"La Feria De Dise\u00f1o powered by idd cologne"},"image":{"@id":"https:\/\/laferiadediseno.com\/#\/schema\/logo\/image\/"},"sameAs":["https:\/\/www.facebook.com\/laferiadedisenomed","https:\/\/www.instagram.com\/laferiadediseno\/","https:\/\/www.linkedin.com\/company\/laferiadedisenocolombia\/","https:\/\/www.youtube.com\/@laferiadediseno5158"]}]}},"_links":{"self":[{"href":"https:\/\/laferiadediseno.com\/en\/wp-json\/wp\/v2\/pages\/246","targetHints":{"allow":["GET"]}}],"collection":[{"href":"https:\/\/laferiadediseno.com\/en\/wp-json\/wp\/v2\/pages"}],"about":[{"href":"https:\/\/laferiadediseno.com\/en\/wp-json\/wp\/v2\/types\/page"}],"author":[{"embeddable":true,"href":"https:\/\/laferiadediseno.com\/en\/wp-json\/wp\/v2\/users\/1"}],"replies":[{"embeddable":true,"href":"https:\/\/laferiadediseno.com\/en\/wp-json\/wp\/v2\/comments?post=246"}],"version-history":[{"count":176,"href":"https:\/\/laferiadediseno.com\/en\/wp-json\/wp\/v2\/pages\/246\/revisions"}],"predecessor-version":[{"id":6910,"href":"https:\/\/laferiadediseno.com\/en\/wp-json\/wp\/v2\/pages\/246\/revisions\/6910"}],"wp:attachment":[{"href":"https:\/\/laferiadediseno.com\/en\/wp-json\/wp\/v2\/media?parent=246"}],"curies":[{"name":"wp","href":"https:\/\/api.w.org\/{rel}","templated":true}]}}